{"id":355,"date":"2021-05-12T20:08:25","date_gmt":"2021-05-12T23:08:25","guid":{"rendered":"http:\/\/lopescontabilidade.com\/V3\/?page_id=355"},"modified":"2021-05-12T21:17:44","modified_gmt":"2021-05-13T00:17:44","slug":"linksuteis","status":"publish","type":"page","link":"https:\/\/lopescontabilidade.com\/V3\/linksuteis\/","title":{"rendered":"LinksUteis"},"content":{"rendered":"\t\t<div data-elementor-type=\"wp-page\" data-elementor-id=\"355\" class=\"elementor elementor-355\" data-elementor-post-type=\"page\">\n\t\t\t\t\t\t<section class=\"elementor-section elementor-top-section elementor-element elementor-element-9d27031 elementor-section-boxed elementor-section-height-default elementor-section-height-default\" data-id=\"9d27031\" data-element_type=\"section\">\n\t\t\t\t\t\t<div class=\"elementor-container elementor-column-gap-default\">\n\t\t\t\t\t<div class=\"elementor-column elementor-col-100 elementor-top-column elementor-element elementor-element-a49aab1\" data-id=\"a49aab1\" data-element_type=\"column\">\n\t\t\t<div class=\"elementor-widget-wrap elementor-element-populated\">\n\t\t\t\t\t\t<div class=\"elementor-element elementor-element-9082555 elementor-widget elementor-widget-heading\" data-id=\"9082555\" data-element_type=\"widget\" data-widget_type=\"heading.default\">\n\t\t\t\t<div class=\"elementor-widget-container\">\n\t\t\t\t\t<h2 class=\"elementor-heading-title elementor-size-default\">Links \u00dateis<\/h2>\t\t\t\t<\/div>\n\t\t\t\t<\/div>\n\t\t\t\t\t<\/div>\n\t\t<\/div>\n\t\t\t\t\t<\/div>\n\t\t<\/section>\n\t\t\t\t<section class=\"elementor-section elementor-top-section elementor-element elementor-element-a53ef77 elementor-section-boxed elementor-section-height-default elementor-section-height-default\" data-id=\"a53ef77\" data-element_type=\"section\">\n\t\t\t\t\t\t<div class=\"elementor-container elementor-column-gap-default\">\n\t\t\t\t\t<div class=\"elementor-column elementor-col-100 elementor-top-column elementor-element elementor-element-76110bc\" data-id=\"76110bc\" data-element_type=\"column\">\n\t\t\t<div class=\"elementor-widget-wrap elementor-element-populated\">\n\t\t\t\t\t\t<div class=\"elementor-element elementor-element-5c83c71 elementor-widget elementor-widget-accordion\" data-id=\"5c83c71\" data-element_type=\"widget\" data-widget_type=\"accordion.default\">\n\t\t\t\t<div class=\"elementor-widget-container\">\n\t\t\t\t\t\t\t<div class=\"elementor-accordion\">\n\t\t\t\t\t\t\t<div class=\"elementor-accordion-item\">\n\t\t\t\t\t<div id=\"elementor-tab-title-9701\" class=\"elementor-tab-title\" data-tab=\"1\" role=\"button\" aria-controls=\"elementor-tab-content-9701\" aria-expanded=\"false\">\n\t\t\t\t\t\t\t\t\t\t\t\t\t<span class=\"elementor-accordion-icon elementor-accordion-icon-left\" aria-hidden=\"true\">\n\t\t\t\t\t\t\t\t\t\t\t\t\t\t\t<span class=\"elementor-accordion-icon-closed\"><i class=\"fas fa-plus\"><\/i><\/span>\n\t\t\t\t\t\t\t\t<span class=\"elementor-accordion-icon-opened\"><i class=\"fas fa-minus\"><\/i><\/span>\n\t\t\t\t\t\t\t\t\t\t\t\t\t\t<\/span>\n\t\t\t\t\t\t\t\t\t\t\t\t<a class=\"elementor-accordion-title\" tabindex=\"0\">CONSULTAS DIVERSAS<\/a>\n\t\t\t\t\t<\/div>\n\t\t\t\t\t<div id=\"elementor-tab-content-9701\" class=\"elementor-tab-content elementor-clearfix\" data-tab=\"1\" role=\"region\" aria-labelledby=\"elementor-tab-title-9701\"><ol class=\"listaPadrao\"><li><a href=\"http:\/\/consulta.tesouro.fazenda.gov.br\/transferencias_voluntarias_novosite\/index.asp\" target=\"_blank\" rel=\"noopener\">&#8211; CAUC \/ SIAFI<\/a><\/li><li><a href=\"http:\/\/sisweb.tesouro.gov.br\/apex\/f?p=2600:1\" target=\"_blank\" rel=\"noopener\">&#8211; REPASSES FEDERAIS &#8211; STN<\/a><\/li><li><a href=\"https:\/\/www42.bb.com.br\/portalbb\/daf\/beneficiario,802,4647,4652,0,1.bbx\" target=\"_blank\" rel=\"noopener\">&#8211; REPASSES FEDERAIS &#8211; BANCO DO BRASIL<\/a><\/li><li><a href=\"https:\/\/www.tesourotransparente.gov.br\/publicacoes\/previsao-mensal-e-trimestral-do-fpm-fpe-e-ipi-ex\/2021\/5\" target=\"_blank\" rel=\"noopener\">&#8211; FPM &#8211; PREVIS\u00c3O MENSAL \/ TRIMESTRAL<\/a><\/li><li><a href=\"https:\/\/www.fnde.gov.br\/siope\/situacaoEntregaMunicipio.do\" target=\"_blank\" rel=\"noopener\">&#8211; SIOPE<\/a><\/li><li><a href=\"http:\/\/siops.datasus.gov.br\/hist_sitentrega_mun.php\" target=\"_blank\" rel=\"noopener\">&#8211; SIOPS<\/a><\/li><li>&#8211; <a href=\"https:\/\/consultafns.saude.gov.br\/#\/consolidada\" target=\"_blank\" rel=\"noopener\">LIBERA\u00c7\u00c3O DE RECURSOS &#8211; FNS<\/a><\/li><li><a href=\"http:\/\/www.fnde.gov.br\/pls\/simad\/internet_fnde.liberacoes_01_pc\" target=\"_blank\" rel=\"noopener\">&#8211; LIBERA\u00c7\u00c3O DE RECURSOS &#8211; FNDE<\/a><\/li><\/ol><\/div>\n\t\t\t\t<\/div>\n\t\t\t\t\t\t\t\t<\/div>\n\t\t\t\t\t\t<\/div>\n\t\t\t\t<\/div>\n\t\t\t\t\t<\/div>\n\t\t<\/div>\n\t\t\t\t\t<\/div>\n\t\t<\/section>\n\t\t\t\t<\/div>\n\t\t","protected":false},"excerpt":{"rendered":"<p>Links \u00dateis CONSULTAS DIVERSAS &#8211; CAUC \/ SIAFI &#8211; REPASSES FEDERAIS &#8211; STN &#8211; REPASSES FEDERAIS &#8211; BANCO DO BRASIL &#8211; FPM &#8211; PREVIS\u00c3O MENSAL \/ TRIMESTRAL &#8211; SIOPE &#8211; SIOPS &#8211; LIBERA\u00c7\u00c3O DE RECURSOS &#8211; FNS &#8211; LIBERA\u00c7\u00c3O DE RECURSOS &#8211; FNDE<\/p>\n","protected":false},"author":1,"featured_media":0,"parent":0,"menu_order":0,"comment_status":"closed","ping_status":"closed","template":"","meta":{"site-sidebar-layout":"no-sidebar","site-content-layout":"page-builder","ast-site-content-layout":"default","site-content-style":"default","site-sidebar-style":"default","ast-global-header-display":"","ast-banner-title-visibility":"","ast-main-header-display":"","ast-hfb-above-header-display":"","ast-hfb-below-header-display":"","ast-hfb-mobile-header-display":"","site-post-title":"disabled","ast-breadcrumbs-content":"","ast-featured-img":"disabled","footer-sml-layout":"","ast-disable-related-posts":"","theme-transparent-header-meta":"","adv-header-id-meta":"","stick-header-meta":"","header-above-stick-meta":"","header-main-stick-meta":"","header-below-stick-meta":"","astra-migrate-meta-layouts":"default","ast-page-background-enabled":"default","ast-page-background-meta":{"desktop":{"background-color":"","background-image":"","background-repeat":"repeat","background-position":"center center","background-size":"auto","background-attachment":"scroll","background-type":"","background-media":"","overlay-type":"","overlay-color":"","overlay-opacity":"","overlay-gradient":""},"tablet":{"background-color":"","background-image":"","background-repeat":"repeat","background-position":"center center","background-size":"auto","background-attachment":"scroll","background-type":"","background-media":"","overlay-type":"","overlay-color":"","overlay-opacity":"","overlay-gradient":""},"mobile":{"background-color":"","background-image":"","background-repeat":"repeat","background-position":"center center","background-size":"auto","background-attachment":"scroll","background-type":"","background-media":"","overlay-type":"","overlay-color":"","overlay-opacity":"","overlay-gradient":""}},"ast-content-background-meta":{"desktop":{"background-color":"var(--ast-global-color-5)","background-image":"","background-repeat":"repeat","background-position":"center center","background-size":"auto","background-attachment":"scroll","background-type":"","background-media":"","overlay-type":"","overlay-color":"","overlay-opacity":"","overlay-gradient":""},"tablet":{"background-color":"var(--ast-global-color-5)","background-image":"","background-repeat":"repeat","background-position":"center center","background-size":"auto","background-attachment":"scroll","background-type":"","background-media":"","overlay-type":"","overlay-color":"","overlay-opacity":"","overlay-gradient":""},"mobile":{"background-color":"var(--ast-global-color-5)","background-image":"","background-repeat":"repeat","background-position":"center center","background-size":"auto","background-attachment":"scroll","background-type":"","background-media":"","overlay-type":"","overlay-color":"","overlay-opacity":"","overlay-gradient":""}},"footnotes":""},"class_list":["post-355","page","type-page","status-publish","hentry"],"_links":{"self":[{"href":"https:\/\/lopescontabilidade.com\/V3\/wp-json\/wp\/v2\/pages\/355","targetHints":{"allow":["GET"]}}],"collection":[{"href":"https:\/\/lopescontabilidade.com\/V3\/wp-json\/wp\/v2\/pages"}],"about":[{"href":"https:\/\/lopescontabilidade.com\/V3\/wp-json\/wp\/v2\/types\/page"}],"author":[{"embeddable":true,"href":"https:\/\/lopescontabilidade.com\/V3\/wp-json\/wp\/v2\/users\/1"}],"replies":[{"embeddable":true,"href":"https:\/\/lopescontabilidade.com\/V3\/wp-json\/wp\/v2\/comments?post=355"}],"version-history":[{"count":36,"href":"https:\/\/lopescontabilidade.com\/V3\/wp-json\/wp\/v2\/pages\/355\/revisions"}],"predecessor-version":[{"id":394,"href":"https:\/\/lopescontabilidade.com\/V3\/wp-json\/wp\/v2\/pages\/355\/revisions\/394"}],"wp:attachment":[{"href":"https:\/\/lopescontabilidade.com\/V3\/wp-json\/wp\/v2\/media?parent=355"}],"curies":[{"name":"wp","href":"https:\/\/api.w.org\/{rel}","templated":true}]}}